{"id":949,"date":"2024-08-13T13:13:38","date_gmt":"2024-08-13T13:13:38","guid":{"rendered":"https:\/\/oteccondell.cl\/inicio\/?page_id=949"},"modified":"2026-04-08T18:07:32","modified_gmt":"2026-04-08T18:07:32","slug":"omi1-13-2","status":"publish","type":"page","link":"https:\/\/oteccondell.cl\/inicio\/omi1-13-2\/","title":{"rendered":"omi1.13"},"content":{"rendered":"\t\t<div data-elementor-type=\"wp-page\" data-elementor-id=\"949\" class=\"elementor elementor-949\" data-elementor-post-type=\"page\">\n\t\t\t\t<div class=\"elementor-element elementor-element-730105c e-flex e-con-boxed e-con e-parent\" data-id=\"730105c\" data-element_type=\"container\">\n\t\t\t\t\t<div class=\"e-con-inner\">\n\t\t\t\t\t<\/div>\n\t\t\t\t<\/div>\n\t\t<div class=\"elementor-element elementor-element-7fcbb35 e-flex e-con-boxed e-con e-parent\" data-id=\"7fcbb35\" data-element_type=\"container\">\n\t\t\t\t\t<div class=\"e-con-inner\">\n\t\t\t\t<div class=\"elementor-element elementor-element-2321f50 elementor-widget elementor-widget-image\" data-id=\"2321f50\" data-element_type=\"widget\" data-widget_type=\"image.default\">\n\t\t\t\t<div class=\"elementor-widget-container\">\n\t\t\t\t\t\t\t\t\t\t\t\t\t\t\t<img fetchpriority=\"high\" decoding=\"async\" width=\"800\" height=\"457\" src=\"https:\/\/oteccondell.cl\/inicio\/wp-content\/uploads\/2024\/08\/c96053a3-8837-4b6f-b56a-0396215ddbe3-1024x585.png\" class=\"attachment-large size-large wp-image-991\" alt=\"\" srcset=\"https:\/\/oteccondell.cl\/inicio\/wp-content\/uploads\/2024\/08\/c96053a3-8837-4b6f-b56a-0396215ddbe3-1024x585.png 1024w, https:\/\/oteccondell.cl\/inicio\/wp-content\/uploads\/2024\/08\/c96053a3-8837-4b6f-b56a-0396215ddbe3-300x171.png 300w, https:\/\/oteccondell.cl\/inicio\/wp-content\/uploads\/2024\/08\/c96053a3-8837-4b6f-b56a-0396215ddbe3-768x439.png 768w, https:\/\/oteccondell.cl\/inicio\/wp-content\/uploads\/2024\/08\/c96053a3-8837-4b6f-b56a-0396215ddbe3-1536x878.png 1536w, https:\/\/oteccondell.cl\/inicio\/wp-content\/uploads\/2024\/08\/c96053a3-8837-4b6f-b56a-0396215ddbe3.png 1792w\" sizes=\"(max-width: 800px) 100vw, 800px\" \/>\t\t\t\t\t\t\t\t\t\t\t\t\t\t\t<\/div>\n\t\t\t\t<\/div>\n\t\t\t\t\t<\/div>\n\t\t\t\t<\/div>\n\t\t<div class=\"elementor-element elementor-element-586519b e-flex e-con-boxed e-con e-parent\" data-id=\"586519b\" data-element_type=\"container\">\n\t\t\t\t\t<div class=\"e-con-inner\">\n\t\t\t\t<div class=\"elementor-element elementor-element-653ab06f elementor-widget elementor-widget-heading\" data-id=\"653ab06f\" data-element_type=\"widget\" data-widget_type=\"heading.default\">\n\t\t\t\t<div class=\"elementor-widget-container\">\n\t\t\t\t\t<h3 class=\"elementor-heading-title elementor-size-default\"><br>CURSO MODELO OMI 1.13 PRIMEROS AUXILIOS B\u00c1SICOS <\/h3>\t\t\t\t<\/div>\n\t\t\t\t<\/div>\n\t\t\t\t\t<\/div>\n\t\t\t\t<\/div>\n\t\t<div class=\"elementor-element elementor-element-d1c3efc e-flex e-con-boxed e-con e-parent\" data-id=\"d1c3efc\" data-element_type=\"container\">\n\t\t\t\t\t<div class=\"e-con-inner\">\n\t\t\t\t\t<\/div>\n\t\t\t\t<\/div>\n\t\t\t\t<section class=\"elementor-section elementor-top-section elementor-element elementor-element-7c6dbf90 elementor-section-boxed elementor-section-height-default elementor-section-height-default\" data-id=\"7c6dbf90\" data-element_type=\"section\">\n\t\t\t\t\t\t<div class=\"elementor-container elementor-column-gap-default\">\n\t\t\t\t\t<div class=\"elementor-column elementor-col-100 elementor-top-column elementor-element elementor-element-1f1514cc\" data-id=\"1f1514cc\" data-element_type=\"column\">\n\t\t\t<div class=\"elementor-widget-wrap elementor-element-populated\">\n\t\t\t\t\t\t<div class=\"elementor-element elementor-element-66698233 elementor-widget elementor-widget-text-editor\" data-id=\"66698233\" data-element_type=\"widget\" data-widget_type=\"text-editor.default\">\n\t\t\t\t<div class=\"elementor-widget-container\">\n\t\t\t\t\t\t\t\t\t<p><strong><u>FUNDAMENTACION TECNICA:<\/u><\/strong><\/p><p>El curso permite el entrenamiento de acuerdo al cuadro A-VI\/1-3, secci\u00f3n A-VI del C\u00f3digo de Formaci\u00f3n, Titulaci\u00f3n y Guardia para la Gente de Mar que establece las normas m\u00ednimas de competencia en primeros auxilios b\u00e1sicos para toda la gente de mar.<\/p><p><strong><u>POBLACI\u00d3N OBJETIVO:<\/u><\/strong><\/p><p>Oficiales y Tripulantes de la Marina Mercante. Por normas de seguridad se exige para Oficiales y Tripulantes de Naves Especiales y de Pesca.<\/p><p><strong><u>CARGA HORARIA<\/u><\/strong>:\u00a0<\/p><p>16 horas cronol\u00f3gicas.<\/p><p><strong><u>REQUISITOS DE INGRESO<\/u><\/strong>:\u00a0<\/p><p>Acreditar la calidad de Oficial o Tripulante de la Marina Mercante, de Naves Especiales y de Pesca, o de Aspirante a dichas calidades.<\/p><p><strong><u>OBJETIVOS GENERALES<\/u><\/strong>:<\/p><ul><li>El alumno ser\u00e1 capaz, en caso de accidente de diagnosticar las causas probables, as\u00ed como la naturaleza y gravedad de las lesiones.<\/li><li>Adoptar las medidas inmediatas para evitar una posible amenaza de perdida de vida del accidentado.<\/li><li>Reducir al m\u00ednimo el riesgo de agravar los da\u00f1os propios y los de la v\u00edctima.<\/li><\/ul><div>\u00a0<\/div><div>\u00a0<\/div>\t\t\t\t\t\t\t\t<\/div>\n\t\t\t\t<\/div>\n\t\t\t\t\t<\/div>\n\t\t<\/div>\n\t\t\t\t\t<\/div>\n\t\t<\/section>\n\t\t<div class=\"elementor-element elementor-element-e8bbf4b e-flex e-con-boxed e-con e-parent\" data-id=\"e8bbf4b\" data-element_type=\"container\">\n\t\t\t\t\t<div class=\"e-con-inner\">\n\t\t\t\t<div class=\"elementor-element elementor-element-48f009a elementor-widget elementor-widget-heading\" data-id=\"48f009a\" data-element_type=\"widget\" data-widget_type=\"heading.default\">\n\t\t\t\t<div class=\"elementor-widget-container\">\n\t\t\t\t\t<h3 class=\"elementor-heading-title elementor-size-default\"><br>\u00a1INSCRIBETE AQUI!<\/h3>\t\t\t\t<\/div>\n\t\t\t\t<\/div>\n\t\t\t\t<div class=\"elementor-element elementor-element-a4d71c8 elementor-widget elementor-widget-shortcode\" data-id=\"a4d71c8\" data-element_type=\"widget\" data-widget_type=\"shortcode.default\">\n\t\t\t\t<div class=\"elementor-widget-container\">\n\t\t\t\t\t\t\t<div class=\"elementor-shortcode\"><iframe\n  src=\"https:\/\/plataformaeducacional.cl\/consultas\/consultas_form.php?inst=6&embed=1\"\n  width=\"360\"\n  height=\"598\"\n  style=\"border:0;overflow:hidden\"\n  title=\"Consulta\"\n><\/iframe><\/div>\n\t\t\t\t\t\t<\/div>\n\t\t\t\t<\/div>\n\t\t\t\t\t<\/div>\n\t\t\t\t<\/div>\n\t\t<div class=\"elementor-element elementor-element-29def43 e-flex e-con-boxed e-con e-parent\" data-id=\"29def43\" data-element_type=\"container\">\n\t\t\t\t\t<div class=\"e-con-inner\">\n\t\t\t\t\t<\/div>\n\t\t\t\t<\/div>\n\t\t\t\t<div class=\"elementor-section elementor-top-section elementor-element elementor-element-31d6af16 elementor-section-content-space-evenly elementor-section-boxed elementor-section-height-default elementor-section-height-default elementor-invisible\" data-id=\"31d6af16\" data-element_type=\"section\" data-settings=\"{&quot;background_background&quot;:&quot;classic&quot;,&quot;animation&quot;:&quot;fadeInUp&quot;}\">\n\t\t\t\t\t\t\t<div class=\"elementor-background-overlay\"><\/div>\n\t\t\t\t\t\t\t<div class=\"elementor-container elementor-column-gap-default\">\n\t\t\t\t\t<div class=\"elementor-column elementor-col-100 elementor-top-column elementor-element elementor-element-4c8c098d\" data-id=\"4c8c098d\" data-element_type=\"column\">\n\t\t\t<div class=\"elementor-widget-wrap elementor-element-populated\">\n\t\t\t\t\t\t<div class=\"elementor-element elementor-element-67dd0234 elementor-widget elementor-widget-text-editor\" data-id=\"67dd0234\" data-element_type=\"widget\" data-widget_type=\"text-editor.default\">\n\t\t\t\t<div class=\"elementor-widget-container\">\n\t\t\t\t\t\t\t\t\t<p style=\"text-align: center;\"><span style=\"color: #ffffff;\">\u00a9 Todos los derechos reservados 2024<\/span><\/p>\t\t\t\t\t\t\t\t<\/div>\n\t\t\t\t<\/div>\n\t\t\t\t\t<\/div>\n\t\t<\/div>\n\t\t\t\t\t<\/div>\n\t\t<\/div>\n\t\t\t\t<\/div>\n\t\t","protected":false},"excerpt":{"rendered":"<p>CURSO MODELO OMI 1.13 PRIMEROS AUXILIOS B\u00c1SICOS FUNDAMENTACION TECNICA: El curso permite el entrenamiento de acuerdo al cuadro A-VI\/1-3, secci\u00f3n A-VI del C\u00f3digo de Formaci\u00f3n, Titulaci\u00f3n y Guardia para la Gente de Mar que establece las normas m\u00ednimas de competencia en primeros auxilios b\u00e1sicos para toda la gente de mar. POBLACI\u00d3N OBJETIVO: Oficiales y Tripulantes [&hellip;]<\/p>\n","protected":false},"author":1,"featured_media":0,"parent":0,"menu_order":0,"comment_status":"closed","ping_status":"closed","template":"","meta":{"footnotes":""},"class_list":["post-949","page","type-page","status-publish","hentry"],"_links":{"self":[{"href":"https:\/\/oteccondell.cl\/inicio\/wp-json\/wp\/v2\/pages\/949","targetHints":{"allow":["GET"]}}],"collection":[{"href":"https:\/\/oteccondell.cl\/inicio\/wp-json\/wp\/v2\/pages"}],"about":[{"href":"https:\/\/oteccondell.cl\/inicio\/wp-json\/wp\/v2\/types\/page"}],"author":[{"embeddable":true,"href":"https:\/\/oteccondell.cl\/inicio\/wp-json\/wp\/v2\/users\/1"}],"replies":[{"embeddable":true,"href":"https:\/\/oteccondell.cl\/inicio\/wp-json\/wp\/v2\/comments?post=949"}],"version-history":[{"count":46,"href":"https:\/\/oteccondell.cl\/inicio\/wp-json\/wp\/v2\/pages\/949\/revisions"}],"predecessor-version":[{"id":1211,"href":"https:\/\/oteccondell.cl\/inicio\/wp-json\/wp\/v2\/pages\/949\/revisions\/1211"}],"wp:attachment":[{"href":"https:\/\/oteccondell.cl\/inicio\/wp-json\/wp\/v2\/media?parent=949"}],"curies":[{"name":"wp","href":"https:\/\/api.w.org\/{rel}","templated":true}]}}