{"id":279,"date":"2024-04-02T15:13:26","date_gmt":"2024-04-02T15:13:26","guid":{"rendered":"https:\/\/oteccondell.cl\/inicio\/?page_id=279"},"modified":"2024-06-11T19:34:03","modified_gmt":"2024-06-11T19:34:03","slug":"nuestra-historia","status":"publish","type":"page","link":"https:\/\/oteccondell.cl\/inicio\/nuestra-historia\/","title":{"rendered":"Nuestra Historia"},"content":{"rendered":"\t\t<div data-elementor-type=\"wp-page\" data-elementor-id=\"279\" class=\"elementor elementor-279\" data-elementor-post-type=\"page\">\n\t\t\t\t\t\t<div class=\"elementor-section elementor-top-section elementor-element elementor-element-4659f6c6 elementor-section-stretched elementor-section-height-min-height elementor-section-items-bottom elementor-section-full_width elementor-section-content-middle elementor-section-height-default\" data-id=\"4659f6c6\" data-element_type=\"section\" data-settings=\"{&quot;stretch_section&quot;:&quot;section-stretched&quot;,&quot;background_background&quot;:&quot;classic&quot;}\">\n\t\t\t\t\t\t\t<div class=\"elementor-background-overlay\"><\/div>\n\t\t\t\t\t\t\t<div class=\"elementor-container elementor-column-gap-default\">\n\t\t\t\t\t<div class=\"elementor-column elementor-col-100 elementor-top-column elementor-element elementor-element-25f43516\" data-id=\"25f43516\" data-element_type=\"column\" data-settings=\"{&quot;background_background&quot;:&quot;classic&quot;}\">\n\t\t\t<div class=\"elementor-widget-wrap elementor-element-populated\">\n\t\t\t\t\t<div class=\"elementor-background-overlay\"><\/div>\n\t\t\t\t\t\t<div class=\"elementor-element elementor-element-18dd8e8c elementor-widget__width-initial elementor-widget-mobile__width-inherit elementor-widget elementor-widget-heading\" data-id=\"18dd8e8c\" data-element_type=\"widget\" data-widget_type=\"heading.default\">\n\t\t\t\t<div class=\"elementor-widget-container\">\n\t\t\t\t\t<h1 class=\"elementor-heading-title elementor-size-default\">Nuestra Historia<\/h1>\t\t\t\t<\/div>\n\t\t\t\t<\/div>\n\t\t\t\t\t<\/div>\n\t\t<\/div>\n\t\t\t\t\t<\/div>\n\t\t<\/div>\n\t\t\t\t<section class=\"elementor-section elementor-top-section elementor-element elementor-element-42745981 elementor-section-content-space-evenly elementor-section-boxed elementor-section-height-default elementor-section-height-default\" data-id=\"42745981\" data-element_type=\"section\">\n\t\t\t\t\t\t<div class=\"elementor-container elementor-column-gap-default\">\n\t\t\t\t\t<div class=\"elementor-column elementor-col-100 elementor-top-column elementor-element elementor-element-4c0b404\" data-id=\"4c0b404\" data-element_type=\"column\">\n\t\t\t<div class=\"elementor-widget-wrap\">\n\t\t\t\t\t\t\t<\/div>\n\t\t<\/div>\n\t\t\t\t\t<\/div>\n\t\t<\/section>\n\t\t\t\t<section class=\"elementor-section elementor-top-section elementor-element elementor-element-7e633c8b elementor-section-boxed elementor-section-height-default elementor-section-height-default\" data-id=\"7e633c8b\" data-element_type=\"section\">\n\t\t\t\t\t\t<div class=\"elementor-container elementor-column-gap-default\">\n\t\t\t\t\t<div class=\"elementor-column elementor-col-100 elementor-top-column elementor-element elementor-element-4ccbe996\" data-id=\"4ccbe996\" data-element_type=\"column\">\n\t\t\t<div class=\"elementor-widget-wrap elementor-element-populated\">\n\t\t\t\t\t\t<div class=\"elementor-element elementor-element-2c41d860 elementor-widget elementor-widget-spacer\" data-id=\"2c41d860\" data-element_type=\"widget\" data-widget_type=\"spacer.default\">\n\t\t\t\t<div class=\"elementor-widget-container\">\n\t\t\t\t\t\t\t<div class=\"elementor-spacer\">\n\t\t\t<div class=\"elementor-spacer-inner\"><\/div>\n\t\t<\/div>\n\t\t\t\t\t\t<\/div>\n\t\t\t\t<\/div>\n\t\t\t\t\t<\/div>\n\t\t<\/div>\n\t\t\t\t\t<\/div>\n\t\t<\/section>\n\t\t\t\t<section class=\"elementor-section elementor-top-section elementor-element elementor-element-76211ca4 elementor-section-boxed elementor-section-height-default elementor-section-height-default\" data-id=\"76211ca4\" data-element_type=\"section\">\n\t\t\t\t\t\t<div class=\"elementor-container elementor-column-gap-default\">\n\t\t\t\t\t<div class=\"elementor-column elementor-col-100 elementor-top-column elementor-element elementor-element-4d3a86b3\" data-id=\"4d3a86b3\" data-element_type=\"column\">\n\t\t\t<div class=\"elementor-widget-wrap\">\n\t\t\t\t\t\t\t<\/div>\n\t\t<\/div>\n\t\t\t\t\t<\/div>\n\t\t<\/section>\n\t\t\t\t<section class=\"elementor-section elementor-top-section elementor-element elementor-element-1f8e845c elementor-section-boxed elementor-section-height-default elementor-section-height-default\" data-id=\"1f8e845c\" data-element_type=\"section\">\n\t\t\t\t\t\t<div class=\"elementor-container elementor-column-gap-default\">\n\t\t\t\t\t<div class=\"elementor-column elementor-col-33 elementor-top-column elementor-element elementor-element-6422bd8c\" data-id=\"6422bd8c\" data-element_type=\"column\">\n\t\t\t<div class=\"elementor-widget-wrap elementor-element-populated\">\n\t\t\t\t\t\t<div class=\"elementor-element elementor-element-1ed5e064 elementor-widget elementor-widget-image\" data-id=\"1ed5e064\" data-element_type=\"widget\" data-widget_type=\"image.default\">\n\t\t\t\t<div class=\"elementor-widget-container\">\n\t\t\t\t\t\t\t\t\t\t\t\t\t\t\t<img fetchpriority=\"high\" decoding=\"async\" width=\"480\" height=\"320\" src=\"https:\/\/oteccondell.cl\/inicio\/wp-content\/uploads\/2024\/05\/beca-trayectoria-prueba-480x320-c-default.jpg\" class=\"attachment-large size-large wp-image-592\" alt=\"\" srcset=\"https:\/\/oteccondell.cl\/inicio\/wp-content\/uploads\/2024\/05\/beca-trayectoria-prueba-480x320-c-default.jpg 480w, https:\/\/oteccondell.cl\/inicio\/wp-content\/uploads\/2024\/05\/beca-trayectoria-prueba-480x320-c-default-300x200.jpg 300w\" sizes=\"(max-width: 480px) 100vw, 480px\" \/>\t\t\t\t\t\t\t\t\t\t\t\t\t\t\t<\/div>\n\t\t\t\t<\/div>\n\t\t\t\t\t<\/div>\n\t\t<\/div>\n\t\t\t\t<div class=\"elementor-column elementor-col-66 elementor-top-column elementor-element elementor-element-1a0edde7\" data-id=\"1a0edde7\" data-element_type=\"column\">\n\t\t\t<div class=\"elementor-widget-wrap elementor-element-populated\">\n\t\t\t\t\t\t<div class=\"elementor-element elementor-element-5884b105 elementor-widget elementor-widget-text-editor\" data-id=\"5884b105\" data-element_type=\"widget\" data-widget_type=\"text-editor.default\">\n\t\t\t\t<div class=\"elementor-widget-container\">\n\t\t\t\t\t\t\t\t\t<p>NUESTRA POL\u00cdTICA DE CALIDAD:<\/p>\n<p>El Organismo T\u00e9cnico de Capacitaci\u00f3n \u201cAlmirante Carlos Condell SpA.\u201d, cumple fielmente con los requisitos legales y los establecidos por sus participantes, usuarios y otras partes interesadas, para lograr excelencia en la capacitaci\u00f3n que imparte, por medio de un equipo de personas capacitadas y entrenadas, con tecnolog\u00eda, infraestructura y material de apoyo necesario para ello, mejorando todos los procesos en forma continua. A su vez buscamos la mejor alternativa para su sustentabilidad y crecimiento en el tiempo.<br>De igual modo, entregamos los conocimientos, habilidades y destrezas a particulares y personal de empresas que as\u00ed lo requieran, con el prop\u00f3sito de contribuir al desarrollo del pa\u00eds, preferentemente en el \u00e1rea mar\u00edtimo portuaria.<br>Mediante la revisi\u00f3n constante de nuestros procesos y procedimientos, as\u00ed como del dise\u00f1o y desarrollo de planes y programas de capacitaci\u00f3n, m\u00e1s, una adecuada selecci\u00f3n y preparaci\u00f3n de profesionales, y una \u00f3ptima asignaci\u00f3n de recursos, damos satisfacci\u00f3n a los requisitos del cliente, y orientamos este accionar a la b\u00fasqueda de una mejora continua en nuestro Sistema de Gesti\u00f3n de Calidad.<\/p>\n<p>NUESTROS PRINCIPALES OBJETIVOS:<\/p><p>\u25cf Satisfacci\u00f3n del Participante o Beneficiario.<br>\u25cf Satisfacci\u00f3n respecto a la Infraestructura utilizada.<br>\u25cf Satisfacci\u00f3n con el Material de Apoyo utilizado.<br>\u25cf Relatores profesionales y bien evaluados por su acci\u00f3n en la ejecuci\u00f3n de la actividad de capacitaci\u00f3n.<\/p>\n<p>A lo largo de varios a\u00f1os nuestro OTEC ha sido un valioso aporte al proceso de estudios, formaci\u00f3n val\u00f3rica as\u00ed como profesional terminando con \u00e9xito cada curso dictado, trabajando para ofrecer una educaci\u00f3n de calidad, adaptada a las necesidades del mercado laboral y a los desaf\u00edos del mundo actual. Estamos convencidos de que, a trav\u00e9s de la capacitaci\u00f3n, podemos contribuir a un futuro mejor para todos.<\/p>\n<p>Nuestro OTEC Almirante Carlos Condell Spa cuenta con un gran prestigio ganado a lo largo de muchos a\u00f1os otorgando capacitaci\u00f3n en el \u00e1mbito mar\u00edtimo, portuario y de la seguridad con los mejores Relatores y medios.<\/p>\n<p>Sentimos un inmenso orgullo por el impacto positivo que nuestro Organismo T\u00e9cnico de Capacitaci\u00f3n ha tenido en las empresas y en la sociedad. A lo largo de los a\u00f1os, hemos capacitado a cientos de profesionales que ahora contribuyen al desarrollo, eficiencia y bienestar en su trabajo diario.<\/p>\n<p>Nuestro compromiso con la excelencia acad\u00e9mica y la formaci\u00f3n integral ha permitido a nuestros participantes no solo alcanzar sus metas personales y profesionales, sino tambi\u00e9n convertirse en agentes de cambio, impulsando innovaciones y mejoras en diversas \u00e1reas.<\/p>\n<p>Continuaremos dejando una huella significativa en quienes conf\u00eden en nosotros.<\/p>\n<p>Queremos expresar nuestro m\u00e1s sincero agradecimiento a todos los que han confiado en nuestro Organismo para su capacitaci\u00f3n y desarrollo profesional. Su confianza nos motiva a seguir brindando Cursos de alta calidad, dise\u00f1ados para prepararlos de la mejor manera posible para enfrentar los retos del mundo laboral.<\/p>\n<p>Ver c\u00f3mo aplican los conocimientos, habilidades y destrezas adquiridas en nuestro OTEC para hacer una diferencia en sus respectivos cargos, es una gran satisfacci\u00f3n para nosotros.<br>Seguiremos trabajando con el mismo compromiso y pasi\u00f3n para ofrecerles siempre lo mejor.<\/p>\t\t\t\t\t\t\t\t<\/div>\n\t\t\t\t<\/div>\n\t\t\t\t\t<\/div>\n\t\t<\/div>\n\t\t\t\t\t<\/div>\n\t\t<\/section>\n\t\t<div class=\"elementor-element elementor-element-b4e3889 e-grid e-con-boxed e-con e-parent\" data-id=\"b4e3889\" data-element_type=\"container\">\n\t\t\t\t\t<div class=\"e-con-inner\">\n\t\t\t\t<div class=\"elementor-element elementor-element-c8b28c2 elementor-widget elementor-widget-spacer\" data-id=\"c8b28c2\" data-element_type=\"widget\" data-widget_type=\"spacer.default\">\n\t\t\t\t<div class=\"elementor-widget-container\">\n\t\t\t\t\t\t\t<div class=\"elementor-spacer\">\n\t\t\t<div class=\"elementor-spacer-inner\"><\/div>\n\t\t<\/div>\n\t\t\t\t\t\t<\/div>\n\t\t\t\t<\/div>\n\t\t\t\t\t<\/div>\n\t\t\t\t<\/div>\n\t\t\t\t<div class=\"elementor-section elementor-top-section elementor-element elementor-element-14cde57b elementor-section-content-space-evenly elementor-section-boxed elementor-section-height-default elementor-section-height-default elementor-invisible\" data-id=\"14cde57b\" data-element_type=\"section\" data-settings=\"{&quot;background_background&quot;:&quot;classic&quot;,&quot;animation&quot;:&quot;fadeInUp&quot;}\">\n\t\t\t\t\t\t\t<div class=\"elementor-background-overlay\"><\/div>\n\t\t\t\t\t\t\t<div class=\"elementor-container elementor-column-gap-default\">\n\t\t\t\t\t<div class=\"elementor-column elementor-col-100 elementor-top-column elementor-element elementor-element-11ce9933\" data-id=\"11ce9933\" data-element_type=\"column\">\n\t\t\t<div class=\"elementor-widget-wrap elementor-element-populated\">\n\t\t\t\t\t\t<div class=\"elementor-element elementor-element-297a3a3c elementor-widget elementor-widget-text-editor\" data-id=\"297a3a3c\" data-element_type=\"widget\" data-widget_type=\"text-editor.default\">\n\t\t\t\t<div class=\"elementor-widget-container\">\n\t\t\t\t\t\t\t\t\t<p style=\"text-align: center;\"><span style=\"color: #ffffff;\">\u00a9 Todos los derechos reservados 2024<\/span><\/p>\t\t\t\t\t\t\t\t<\/div>\n\t\t\t\t<\/div>\n\t\t\t\t\t<\/div>\n\t\t<\/div>\n\t\t\t\t\t<\/div>\n\t\t<\/div>\n\t\t\t\t<\/div>\n\t\t","protected":false},"excerpt":{"rendered":"<p>Nuestra Historia NUESTRA POL\u00cdTICA DE CALIDAD: El Organismo T\u00e9cnico de Capacitaci\u00f3n \u201cAlmirante Carlos Condell SpA.\u201d, cumple fielmente con los requisitos legales y los establecidos por sus participantes, usuarios y otras partes interesadas, para lograr excelencia en la capacitaci\u00f3n que imparte, por medio de un equipo de personas capacitadas y entrenadas, con tecnolog\u00eda, infraestructura y material [&hellip;]<\/p>\n","protected":false},"author":1,"featured_media":0,"parent":0,"menu_order":0,"comment_status":"closed","ping_status":"closed","template":"","meta":{"footnotes":""},"class_list":["post-279","page","type-page","status-publish","hentry"],"_links":{"self":[{"href":"https:\/\/oteccondell.cl\/inicio\/wp-json\/wp\/v2\/pages\/279","targetHints":{"allow":["GET"]}}],"collection":[{"href":"https:\/\/oteccondell.cl\/inicio\/wp-json\/wp\/v2\/pages"}],"about":[{"href":"https:\/\/oteccondell.cl\/inicio\/wp-json\/wp\/v2\/types\/page"}],"author":[{"embeddable":true,"href":"https:\/\/oteccondell.cl\/inicio\/wp-json\/wp\/v2\/users\/1"}],"replies":[{"embeddable":true,"href":"https:\/\/oteccondell.cl\/inicio\/wp-json\/wp\/v2\/comments?post=279"}],"version-history":[{"count":40,"href":"https:\/\/oteccondell.cl\/inicio\/wp-json\/wp\/v2\/pages\/279\/revisions"}],"predecessor-version":[{"id":724,"href":"https:\/\/oteccondell.cl\/inicio\/wp-json\/wp\/v2\/pages\/279\/revisions\/724"}],"wp:attachment":[{"href":"https:\/\/oteccondell.cl\/inicio\/wp-json\/wp\/v2\/media?parent=279"}],"curies":[{"name":"wp","href":"https:\/\/api.w.org\/{rel}","templated":true}]}}