{"id":1043,"date":"2024-08-13T14:33:43","date_gmt":"2024-08-13T14:33:43","guid":{"rendered":"https:\/\/oteccondell.cl\/inicio\/?page_id=1043"},"modified":"2026-04-08T18:07:54","modified_gmt":"2026-04-08T18:07:54","slug":"omi1-19","status":"publish","type":"page","link":"https:\/\/oteccondell.cl\/inicio\/omi1-19\/","title":{"rendered":"omi1.19"},"content":{"rendered":"\t\t<div data-elementor-type=\"wp-page\" data-elementor-id=\"1043\" class=\"elementor elementor-1043\" data-elementor-post-type=\"page\">\n\t\t\t\t<div class=\"elementor-element elementor-element-38ff3e34 e-flex e-con-boxed e-con e-parent\" data-id=\"38ff3e34\" data-element_type=\"container\">\n\t\t\t\t\t<div class=\"e-con-inner\">\n\t\t\t\t<div class=\"elementor-element elementor-element-55bf2a8a elementor-widget elementor-widget-image\" data-id=\"55bf2a8a\" data-element_type=\"widget\" data-widget_type=\"image.default\">\n\t\t\t\t<div class=\"elementor-widget-container\">\n\t\t\t\t\t\t\t\t\t\t\t\t\t\t\t<img fetchpriority=\"high\" decoding=\"async\" width=\"800\" height=\"457\" src=\"https:\/\/oteccondell.cl\/inicio\/wp-content\/uploads\/2024\/08\/c96053a3-8837-4b6f-b56a-0396215ddbe3-1024x585.png\" class=\"attachment-large size-large wp-image-991\" alt=\"\" srcset=\"https:\/\/oteccondell.cl\/inicio\/wp-content\/uploads\/2024\/08\/c96053a3-8837-4b6f-b56a-0396215ddbe3-1024x585.png 1024w, https:\/\/oteccondell.cl\/inicio\/wp-content\/uploads\/2024\/08\/c96053a3-8837-4b6f-b56a-0396215ddbe3-300x171.png 300w, https:\/\/oteccondell.cl\/inicio\/wp-content\/uploads\/2024\/08\/c96053a3-8837-4b6f-b56a-0396215ddbe3-768x439.png 768w, https:\/\/oteccondell.cl\/inicio\/wp-content\/uploads\/2024\/08\/c96053a3-8837-4b6f-b56a-0396215ddbe3-1536x878.png 1536w, https:\/\/oteccondell.cl\/inicio\/wp-content\/uploads\/2024\/08\/c96053a3-8837-4b6f-b56a-0396215ddbe3.png 1792w\" sizes=\"(max-width: 800px) 100vw, 800px\" \/>\t\t\t\t\t\t\t\t\t\t\t\t\t\t\t<\/div>\n\t\t\t\t<\/div>\n\t\t\t\t\t<\/div>\n\t\t\t\t<\/div>\n\t\t<div class=\"elementor-element elementor-element-538fc8fd e-flex e-con-boxed e-con e-parent\" data-id=\"538fc8fd\" data-element_type=\"container\">\n\t\t\t\t\t<div class=\"e-con-inner\">\n\t\t\t\t<div class=\"elementor-element elementor-element-4a63ba8f elementor-widget elementor-widget-heading\" data-id=\"4a63ba8f\" data-element_type=\"widget\" data-widget_type=\"heading.default\">\n\t\t\t\t<div class=\"elementor-widget-container\">\n\t\t\t\t\t<h3 class=\"elementor-heading-title elementor-size-default\"><br>CURSO MODELO OMI 1.19 T\u00c9CNICAS DE SUPERVIVENCIA PERSONAL<\/h3>\t\t\t\t<\/div>\n\t\t\t\t<\/div>\n\t\t\t\t\t<\/div>\n\t\t\t\t<\/div>\n\t\t<div class=\"elementor-element elementor-element-36f2a0a5 e-flex e-con-boxed e-con e-parent\" data-id=\"36f2a0a5\" data-element_type=\"container\">\n\t\t\t\t\t<div class=\"e-con-inner\">\n\t\t\t\t\t<\/div>\n\t\t\t\t<\/div>\n\t\t\t\t<section class=\"elementor-section elementor-top-section elementor-element elementor-element-3b090200 elementor-section-boxed elementor-section-height-default elementor-section-height-default\" data-id=\"3b090200\" data-element_type=\"section\">\n\t\t\t\t\t\t<div class=\"elementor-container elementor-column-gap-default\">\n\t\t\t\t\t<div class=\"elementor-column elementor-col-100 elementor-top-column elementor-element elementor-element-33641ce9\" data-id=\"33641ce9\" data-element_type=\"column\">\n\t\t\t<div class=\"elementor-widget-wrap elementor-element-populated\">\n\t\t\t\t\t\t<div class=\"elementor-element elementor-element-4d599482 elementor-widget elementor-widget-text-editor\" data-id=\"4d599482\" data-element_type=\"widget\" data-widget_type=\"text-editor.default\">\n\t\t\t\t<div class=\"elementor-widget-container\">\n\t\t\t\t\t\t\t\t\t<p><strong><u>FUNDAMENTACI\u00d3N T\u00c9CNICA:<\/u><\/strong><\/p><p>De acuerdo al Convenio Internacional sobre formaci\u00f3n, titulaci\u00f3n y guardia para la Gente de Mar, STCW 95, todas las personas empleadas o contratadas a bordo de un buque de navegaci\u00f3n mar\u00edtima, que no sean pasajeros, recibir\u00e1n formaci\u00f3n aprobada que les permita familiarizarse con las t\u00e9cnicas de supervivencia personal y saber actuar en caso de que una persona caiga al mar.<\/p><p>\u00a0<\/p><p><strong><u>OBJETIVOS GENERALES:<\/u><\/strong><\/p><p>Al t\u00e9rmino del curso se espera que\u00a0el alumno sea capaz de:<\/p><p>&#8211; Reaccionar en forma correcta\u00a0durante situaciones de emergencia, como es el rescate de una persona ca\u00edda al mar, evacuaci\u00f3n o abandono.<\/p><p>&#8211; Tomar\u00a0las medidas apropiadas\u00a0para\u00a0su supervivencia\u00a0y la de los dem\u00e1s y usar\u00a0correctamente\u00a0el equipo de supervivencia.<\/p><p>&#8211; Describir y corregir deficiencias\u00a0para prevenir\u00a0situaciones de emergencias.<\/p><p>\u00a0<\/p><p>\u00a0<\/p><p><strong><u>POBLACI\u00d3N OBJETIVO:<\/u><\/strong><\/p><p><span style=\"color: var( --e-global-color-text ); font-family: var( --e-global-typography-text-font-family ), Sans-serif; font-size: var( --e-global-typography-text-font-size ); font-weight: var( --e-global-typography-text-font-weight ); word-spacing: var( --e-global-typography-text-word-spacing );\">Oficiales y Tripulantes de la Marina Mercante y de Pesca.<\/span><\/p><p>\u00a0<\/p><p>\u00a0<\/p><p><strong><u>REQUISITOS DE INGRESO<\/u><\/strong><\/p><p>De escolaridad\u00a0no hay; solo se exige un certificado de\u00a0salud compatible.<\/p>\t\t\t\t\t\t\t\t<\/div>\n\t\t\t\t<\/div>\n\t\t\t\t\t<\/div>\n\t\t<\/div>\n\t\t\t\t\t<\/div>\n\t\t<\/section>\n\t\t<div class=\"elementor-element elementor-element-750c965c e-flex e-con-boxed e-con e-parent\" data-id=\"750c965c\" data-element_type=\"container\">\n\t\t\t\t\t<div class=\"e-con-inner\">\n\t\t\t\t<div class=\"elementor-element elementor-element-15930a47 elementor-widget elementor-widget-heading\" data-id=\"15930a47\" data-element_type=\"widget\" data-widget_type=\"heading.default\">\n\t\t\t\t<div class=\"elementor-widget-container\">\n\t\t\t\t\t<h3 class=\"elementor-heading-title elementor-size-default\"><br>\u00a1INSCRIBETE AQUI!<\/h3>\t\t\t\t<\/div>\n\t\t\t\t<\/div>\n\t\t\t\t<div class=\"elementor-element elementor-element-2b956806 elementor-widget elementor-widget-shortcode\" data-id=\"2b956806\" data-element_type=\"widget\" data-widget_type=\"shortcode.default\">\n\t\t\t\t<div class=\"elementor-widget-container\">\n\t\t\t\t\t\t\t<div class=\"elementor-shortcode\"><iframe\n  src=\"https:\/\/plataformaeducacional.cl\/consultas\/consultas_form.php?inst=6&embed=1\"\n  width=\"360\"\n  height=\"598\"\n  style=\"border:0;overflow:hidden\"\n  title=\"Consulta\"\n><\/iframe><\/div>\n\t\t\t\t\t\t<\/div>\n\t\t\t\t<\/div>\n\t\t\t\t\t<\/div>\n\t\t\t\t<\/div>\n\t\t<div class=\"elementor-element elementor-element-4a4fdfa e-flex e-con-boxed e-con e-parent\" data-id=\"4a4fdfa\" data-element_type=\"container\">\n\t\t\t\t\t<div class=\"e-con-inner\">\n\t\t\t\t\t<\/div>\n\t\t\t\t<\/div>\n\t\t\t\t<div class=\"elementor-section elementor-top-section elementor-element elementor-element-10bf6178 elementor-section-content-space-evenly elementor-section-boxed elementor-section-height-default elementor-section-height-default elementor-invisible\" data-id=\"10bf6178\" data-element_type=\"section\" data-settings=\"{&quot;background_background&quot;:&quot;classic&quot;,&quot;animation&quot;:&quot;fadeInUp&quot;}\">\n\t\t\t\t\t\t\t<div class=\"elementor-background-overlay\"><\/div>\n\t\t\t\t\t\t\t<div class=\"elementor-container elementor-column-gap-default\">\n\t\t\t\t\t<div class=\"elementor-column elementor-col-100 elementor-top-column elementor-element elementor-element-567dc6f\" data-id=\"567dc6f\" data-element_type=\"column\">\n\t\t\t<div class=\"elementor-widget-wrap elementor-element-populated\">\n\t\t\t\t\t\t<div class=\"elementor-element elementor-element-61f3fddc elementor-widget elementor-widget-text-editor\" data-id=\"61f3fddc\" data-element_type=\"widget\" data-widget_type=\"text-editor.default\">\n\t\t\t\t<div class=\"elementor-widget-container\">\n\t\t\t\t\t\t\t\t\t<p style=\"text-align: center;\"><span style=\"color: #ffffff;\">\u00a9 Todos los derechos reservados 2024<\/span><\/p>\t\t\t\t\t\t\t\t<\/div>\n\t\t\t\t<\/div>\n\t\t\t\t\t<\/div>\n\t\t<\/div>\n\t\t\t\t\t<\/div>\n\t\t<\/div>\n\t\t\t\t<\/div>\n\t\t","protected":false},"excerpt":{"rendered":"<p>CURSO MODELO OMI 1.19 T\u00c9CNICAS DE SUPERVIVENCIA PERSONAL FUNDAMENTACI\u00d3N T\u00c9CNICA: De acuerdo al Convenio Internacional sobre formaci\u00f3n, titulaci\u00f3n y guardia para la Gente de Mar, STCW 95, todas las personas empleadas o contratadas a bordo de un buque de navegaci\u00f3n mar\u00edtima, que no sean pasajeros, recibir\u00e1n formaci\u00f3n aprobada que les permita familiarizarse con las t\u00e9cnicas [&hellip;]<\/p>\n","protected":false},"author":1,"featured_media":0,"parent":0,"menu_order":0,"comment_status":"closed","ping_status":"closed","template":"","meta":{"footnotes":""},"class_list":["post-1043","page","type-page","status-publish","hentry"],"_links":{"self":[{"href":"https:\/\/oteccondell.cl\/inicio\/wp-json\/wp\/v2\/pages\/1043","targetHints":{"allow":["GET"]}}],"collection":[{"href":"https:\/\/oteccondell.cl\/inicio\/wp-json\/wp\/v2\/pages"}],"about":[{"href":"https:\/\/oteccondell.cl\/inicio\/wp-json\/wp\/v2\/types\/page"}],"author":[{"embeddable":true,"href":"https:\/\/oteccondell.cl\/inicio\/wp-json\/wp\/v2\/users\/1"}],"replies":[{"embeddable":true,"href":"https:\/\/oteccondell.cl\/inicio\/wp-json\/wp\/v2\/comments?post=1043"}],"version-history":[{"count":10,"href":"https:\/\/oteccondell.cl\/inicio\/wp-json\/wp\/v2\/pages\/1043\/revisions"}],"predecessor-version":[{"id":1215,"href":"https:\/\/oteccondell.cl\/inicio\/wp-json\/wp\/v2\/pages\/1043\/revisions\/1215"}],"wp:attachment":[{"href":"https:\/\/oteccondell.cl\/inicio\/wp-json\/wp\/v2\/media?parent=1043"}],"curies":[{"name":"wp","href":"https:\/\/api.w.org\/{rel}","templated":true}]}}